{"id":66,"date":"2013-08-10T12:13:00","date_gmt":"2013-08-10T10:13:00","guid":{"rendered":"https:\/\/www.dankhoff.eu\/wordpress\/?page_id=66"},"modified":"2013-08-10T12:13:00","modified_gmt":"2013-08-10T10:13:00","slug":"impressum","status":"publish","type":"page","link":"https:\/\/www.dankhoff.eu\/wordpress\/impressum\/","title":{"rendered":"Impressum"},"content":{"rendered":"\n<p>Rajko Dankhoff<\/p>\n\n\n\n<p>Mittelstra\u00dfe 35<\/p>\n\n\n\n<p>01328 Dresden<\/p>\n\n\n\n<p>Telefon: 0351 2655032<\/p>\n\n\n\n<p>E-Mail:&nbsp;<a href=\"mailto:info@dankhoff.eu\"><\/a><a href=\"mailto:info@dankhoff.eu\">info@dankhoff.eu<\/a><\/p>\n\n\n\n<p>1. Inhalt des Onlineangebotes<\/p>\n\n\n\n<p>Der Autor&nbsp;\u00fcbernimmt keine Haftung oder Garantie f\u00fcr die Aktualit\u00e4t, Richtigkeitund Vollst\u00e4ndigkeit der bereitgestellten Informationen. Haftungsanspr\u00fcche gegen den Autor, welche sich auf Sch\u00e4den beziehen, die durch die Nutzung der dargebotenen Informationen verursacht wurden, sind grunds\u00e4tzlich ausgeschlossen, sofern seitens des Autors kein nachweislich vors\u00e4tzliches oder grob fahrl\u00e4ssiges Verschulden vorliegt. Alle Angebote sind freibleibend und unverbindlich. Der Autor beh\u00e4lt sich ausdr\u00fccklich das Recht vor, Teile der Internetseite oder das gesamte Angebot ohne Ank\u00fcndigung zu ver\u00e4ndern, zu erg\u00e4nzen, zu l\u00f6schen oder die Ver\u00f6ffentlichung zeitweise oder endg\u00fcltig einzustellen.<\/p>\n\n\n\n<h4 class=\"wp-block-heading\">2. Verweise und Links<\/h4>\n\n\n\n<p>Der Inhalt und die Ausgestaltung sowie die \u00c4nderung von Internetseiten, auf die in der Internetseite des Autors per Hyperlink verwiesen wird, unterliegen nicht der Kontrolle des Autors. Der Autor haftet daher grunds\u00e4tzlich nicht f\u00fcr den Inhalt einer fremden Internetseite und erkl\u00e4rt ausdr\u00fccklich, dass zum Zeitpunkt der Linksetzung die entsprechenden verlinkten Seiten frei von illegalen Inhalten waren. Der Autor hat keinerlei Einfluss auf zuk\u00fcnftige Gestaltung und auf die zuk\u00fcnftigen Inhalte von gelinkten\/verkn\u00fcpften Internetseiten. Deshalb distanziert sie sich hiermit ausdr\u00fccklich von allen Inhalten aller gelinkten\/verkn\u00fcpften Seiten, die nach der Linksetzung ver\u00e4ndert wurden. Dies gilt f\u00fcr alle innerhalb des eigenen Internetangebotes gesetzten Links und Verweise.<\/p>\n\n\n\n<h4 class=\"wp-block-heading\">3. Urheber- und Kennzeichenrecht<\/h4>\n\n\n\n<p>Der Autor&nbsp;ist bestrebt, in allen Publikationen die Urheberrechte der verwendeten Grafiken, Tondokumente, Videosequenzen und Texte zu beachten, von ihr selbst erstellte Grafiken, Tondokumente, Videosequenzen und Texte zu nutzen oder auf lizenzfreie Grafiken, Tondokumente, Videosequenzen und Texte zur\u00fcckzugreifen.<\/p>\n\n\n\n<p>Alle innerhalb des Internetangebotes des Autors genannten Marken- und Urheberrechte Dritter unterliegen uneingeschr\u00e4nkt den hierf\u00fcr geltenden Bestimmungen.<\/p>\n\n\n\n<h4 class=\"wp-block-heading\"><a><\/a><\/h4>\n\n\n\n<h4 class=\"wp-block-heading\">4. Rechtswirksamkeit dieses Haftungsausschlusses<\/h4>\n\n\n\n<p>Dieser Haftungsausschluss ist als Teil des Internetangebotes zu betrachten, von dem aus auf diese Seite verwiesen wurde. Sofern Teile oder einzelne Formulierungen dieses Textes der geltenden Rechtslage nicht, nicht mehr oder nicht vollst\u00e4ndig entsprechen sollten, bleiben die \u00fcbrigen Teile des Dokumentes in ihrem Inhalt und ihrer G\u00fcltigkeit davon unber\u00fchrt.<\/p>\n","protected":false},"excerpt":{"rendered":"<p>Rajko Dankhoff Mittelstra\u00dfe 35 01328 Dresden Telefon: 0351 2655032 E-Mail:&nbsp;info@dankhoff.eu 1. Inhalt des Onlineangebotes Der Autor&nbsp;\u00fcbernimmt keine Haftung oder Garantie f\u00fcr die Aktualit\u00e4t, Richtigkeitund Vollst\u00e4ndigkeit der bereitgestellten Informationen. Haftungsanspr\u00fcche gegen [&hellip;]<\/p>\n","protected":false},"author":1,"featured_media":0,"parent":0,"menu_order":0,"comment_status":"closed","ping_status":"closed","template":"","meta":{"footnotes":"","_links_to":"","_links_to_target":""},"class_list":["post-66","page","type-page","status-publish","hentry"],"_links":{"self":[{"href":"https:\/\/www.dankhoff.eu\/wordpress\/wp-json\/wp\/v2\/pages\/66","targetHints":{"allow":["GET"]}}],"collection":[{"href":"https:\/\/www.dankhoff.eu\/wordpress\/wp-json\/wp\/v2\/pages"}],"about":[{"href":"https:\/\/www.dankhoff.eu\/wordpress\/wp-json\/wp\/v2\/types\/page"}],"author":[{"embeddable":true,"href":"https:\/\/www.dankhoff.eu\/wordpress\/wp-json\/wp\/v2\/users\/1"}],"replies":[{"embeddable":true,"href":"https:\/\/www.dankhoff.eu\/wordpress\/wp-json\/wp\/v2\/comments?post=66"}],"version-history":[{"count":0,"href":"https:\/\/www.dankhoff.eu\/wordpress\/wp-json\/wp\/v2\/pages\/66\/revisions"}],"wp:attachment":[{"href":"https:\/\/www.dankhoff.eu\/wordpress\/wp-json\/wp\/v2\/media?parent=66"}],"curies":[{"name":"wp","href":"https:\/\/api.w.org\/{rel}","templated":true}]}}